{"id":50,"date":"2022-05-31T13:46:32","date_gmt":"2022-05-31T13:46:32","guid":{"rendered":"https:\/\/friendslittlehelp.org\/?page_id=50"},"modified":"2022-05-31T13:53:11","modified_gmt":"2022-05-31T13:53:11","slug":"spenden","status":"publish","type":"page","link":"https:\/\/friendslittlehelp.org\/?page_id=50","title":{"rendered":"Spenden"},"content":{"rendered":"\n<div class=\"wp-block-columns is-layout-flex wp-container-core-columns-is-layout-9d6595d7 wp-block-columns-is-layout-flex\">\n<div class=\"wp-block-column is-layout-flow wp-block-column-is-layout-flow\">\n<p>Wir sind dankbar f\u00fcr jede Spende und freuen uns darauf diese im Sinne des Vereins und seiner Ziele sinnvoll einzusetzen. Die Mitglieder des Vereins haben sich selbst verpflichtet einen monatlichen Mindestbeitrag zu leisten, der die Projektarbeit und das zur Verf\u00fcgung stellen von Mitteln erm\u00f6glicht. Dar\u00fcber hinaus brauchen wir aber auch die Unterst\u00fctzung von Nicht-Mitgliedern, damit wir st\u00e4ndig und nachhaltig in der Lage sind, helfen zu k\u00f6nnen.<\/p>\n\n\n\n<p><strong>So Spenden per Bank\u00fcberweisung<\/strong><\/p>\n\n\n\n<p>Bitte geben Sie im Verwendungszweck Ihren Namen und die Postanschrift an, damit wir Ihnen umgehend eine entsprechende Spendenquittung zur Vorlage beim Finanzamt zusenden k\u00f6nnen.<\/p>\n\n\n\n<p>Spendenkonto Sparkasse Bersenbr\u00fcck<br>IBAN: DE 12 2655 1540 0085 1820 87 BIC (SWIFT-Code): NOLADE21 BEB<\/p>\n\n\n\n<p><strong>So Spenden Sie per Online-Formular (Lastschrift).<\/strong><\/p>\n\n\n\n<p>Wenn Sie sich dazu entschlie\u00dfen uns einmalig oder regelm\u00e4\u00dfig eine Spende zukommen zu lassen, ist es der bequemste Weg den Spendenbetrag per Lastschrift von Ihrem Bankkonto einziehen zu lassen. Sie erhalten hierzu auf dem Postweg bereits vollst\u00e4ndig ausgef\u00fcllte \u201eMandatsreferenz&#8220;, welche gesetzlich f\u00fcr das SEPA Verfahren vorgeschrieben ist. Sie senden dann einfach im vorfrankierten Umschlag diese Referenz an uns zur\u00fcck und erhalten dann eine entsprechende Spendenbescheinigung zur Vorlage beim Finanzamt.<\/p>\n\n\n\n<p><a href=\"https:\/\/friendslittlehelp.org\/wp-content\/uploads\/2022\/05\/Mitgliedschaft-Spende.pdf\" data-type=\"attachment\" data-id=\"58\">Zum Online-Spendenformular<\/a><\/p>\n<\/div>\n\n\n\n<div class=\"wp-block-column is-layout-flow wp-block-column-is-layout-flow\">\n<figure class=\"wp-block-gallery has-nested-images columns-default is-cropped wp-block-gallery-1 is-layout-flex wp-block-gallery-is-layout-flex\">\n<figure class=\"wp-block-image size-large\"><img loading=\"lazy\" decoding=\"async\" width=\"693\" height=\"693\" data-id=\"51\" src=\"https:\/\/friendslittlehelp.org\/wp-content\/uploads\/2022\/05\/Fotolia_53208421_S.jpeg\" alt=\"\" class=\"wp-image-51\" srcset=\"https:\/\/friendslittlehelp.org\/wp-content\/uploads\/2022\/05\/Fotolia_53208421_S.jpeg 693w, https:\/\/friendslittlehelp.org\/wp-content\/uploads\/2022\/05\/Fotolia_53208421_S-300x300.jpeg 300w, https:\/\/friendslittlehelp.org\/wp-content\/uploads\/2022\/05\/Fotolia_53208421_S-150x150.jpeg 150w\" sizes=\"auto, (max-width: 693px) 100vw, 693px\" \/><\/figure>\n<\/figure>\n<\/div>\n<\/div>\n","protected":false},"excerpt":{"rendered":"<p>Wir sind dankbar f\u00fcr jede Spende und freuen uns darauf diese im Sinne des Vereins und seiner Ziele sinnvoll einzusetzen. Die Mitglieder des Vereins haben sich selbst verpflichtet einen monatlichen Mindestbeitrag zu leisten, der die Projektarbeit und das zur Verf\u00fcgung stellen von Mitteln erm\u00f6glicht. Dar\u00fcber hinaus brauchen wir aber auch die Unterst\u00fctzung von Nicht-Mitgliedern, damit&hellip;&nbsp;<a href=\"https:\/\/friendslittlehelp.org\/?page_id=50\" class=\"\" rel=\"bookmark\">Weiterlesen &raquo;<span class=\"screen-reader-text\">Spenden<\/span><\/a><\/p>\n","protected":false},"author":1,"featured_media":0,"parent":0,"menu_order":0,"comment_status":"closed","ping_status":"closed","template":"","meta":{"neve_meta_sidebar":"","neve_meta_container":"","neve_meta_enable_content_width":"","neve_meta_content_width":0,"neve_meta_title_alignment":"","neve_meta_author_avatar":"","neve_post_elements_order":"","neve_meta_disable_header":"","neve_meta_disable_footer":"","neve_meta_disable_title":"","footnotes":""},"class_list":["post-50","page","type-page","status-publish","hentry"],"_links":{"self":[{"href":"https:\/\/friendslittlehelp.org\/index.php?rest_route=\/wp\/v2\/pages\/50","targetHints":{"allow":["GET"]}}],"collection":[{"href":"https:\/\/friendslittlehelp.org\/index.php?rest_route=\/wp\/v2\/pages"}],"about":[{"href":"https:\/\/friendslittlehelp.org\/index.php?rest_route=\/wp\/v2\/types\/page"}],"author":[{"embeddable":true,"href":"https:\/\/friendslittlehelp.org\/index.php?rest_route=\/wp\/v2\/users\/1"}],"replies":[{"embeddable":true,"href":"https:\/\/friendslittlehelp.org\/index.php?rest_route=%2Fwp%2Fv2%2Fcomments&post=50"}],"version-history":[{"count":2,"href":"https:\/\/friendslittlehelp.org\/index.php?rest_route=\/wp\/v2\/pages\/50\/revisions"}],"predecessor-version":[{"id":62,"href":"https:\/\/friendslittlehelp.org\/index.php?rest_route=\/wp\/v2\/pages\/50\/revisions\/62"}],"wp:attachment":[{"href":"https:\/\/friendslittlehelp.org\/index.php?rest_route=%2Fwp%2Fv2%2Fmedia&parent=50"}],"curies":[{"name":"wp","href":"https:\/\/api.w.org\/{rel}","templated":true}]}}