{"id":65,"date":"2022-05-31T13:55:48","date_gmt":"2022-05-31T13:55:48","guid":{"rendered":"https:\/\/friendslittlehelp.org\/?page_id=65"},"modified":"2022-11-17T12:04:01","modified_gmt":"2022-11-17T12:04:01","slug":"impressum","status":"publish","type":"page","link":"https:\/\/friendslittlehelp.org\/?page_id=65","title":{"rendered":"Impressum"},"content":{"rendered":"\n<p>Gem\u00e4\u00df \u00a7 5 TeleMedienGesetz (TMG) haben Diensteanbieter f\u00fcr gesch\u00e4ftsm\u00e4\u00dfig angebotene Telemedien eine Kennzeichnungspflicht. Insbesondere um das Merkmal &#8222;gesch\u00e4ftsm\u00e4\u00dfig&#8220; wurde und wird in der juristischen Literatur gestritten. F\u00fcr die Erf\u00fcllung des Merkmals gesch\u00e4ftsm\u00e4\u00dfig ist es danach ausreichend, wenn eine auf Nachhaltigkeit gerichtete T\u00e4tigkeit entfaltet wird. Somit ist der Begriff gesch\u00e4ftsm\u00e4\u00dfig inhaltlich nicht deckend mit dem Begriff gewerblich. Jede Webseite die nicht nur vor\u00fcbergehend eingerichtet ist, f\u00e4llt somit potentiell unter die Kennzeichnungspflicht.<\/p>\n\n\n\n<p>Durch Gesetzes\u00e4nderung mit der Einf\u00fchrung des neuen TMG wurde aber auch ein weiteres Merkmal bei der Anbieterkennzeichnungspflicht eingef\u00fchrt. Neben der Gesch\u00e4ftsm\u00e4\u00dfigkeit sollten die Telemedien in der Regel gegen Entgelt angeboten werden m\u00fcssen. Da die Telemedien jedoch nur &#8222;in der Regel&#8220; gegen Entgelt angeboten werden m\u00fcssen, kann keine Abgrenzung in dem Sinne vorgenommen werden, dass alle unentgeltlichen Telemedien der Kennzeichnungspflicht nicht unterfallen.<\/p>\n\n\n\n<p>Neben der Regelung im TMG ist eine Anbieterkennzeichnungspflicht in \u00a7 55 Abs. 1 (RfStV) festgelegt. Hiernach unterliegen Anbieter von Telemedien, die nicht ausschlie\u00dflich pers\u00f6nlichen oder famili\u00e4ren Zwecken dienen, ebenfalls einer Kennzeichnungspflicht. Die Reichweite der Anwendbarkeit des \u00a7 55 Abs. 1 RfStV sowie Ihr Verh\u00e4ltnis zu \u00a7 5 TMG ist jedoch noch nicht abschlie\u00dfend gekl\u00e4rt.<\/p>\n\n\n\n<p>Aufgrund der oben dargestellten Schwierigkeiten, die bei der Pr\u00fcfung der Impressumspflicht anfallen, sollte in jedem Fall &#8222;vorsorglich&#8220; ein Impressum auf der Internetpr\u00e4senz des Vereins eingerichtet werden. Inhaltlich sollte das Impressum \u00fcber folgende Punkte Auskunft geben:<\/p>\n\n\n\n<p>Vertretungsberechtigt:<\/p>\n\n\n\n<ol class=\"wp-block-list\">\n<li>Vorsitzender<br>Johannes Kohnen<\/li>\n<\/ol>\n\n\n\n<p>Friends Little help e. V.<br>Bokeler Str.16<br>49593 Bersenbr\u00fcck<br>email: info@friendslittlehelp.org<br><\/p>\n\n\n\n<p>Vereinsregister und Registernummer<br>Vereinsregister beim Amtsgericht M\u00fcnster<br>Registernummer 5373<br>K\u00f6rperschaftssteuernummer: 337\/5983\/0337<\/p>\n","protected":false},"excerpt":{"rendered":"<p>Gem\u00e4\u00df \u00a7 5 TeleMedienGesetz (TMG) haben Diensteanbieter f\u00fcr gesch\u00e4ftsm\u00e4\u00dfig angebotene Telemedien eine Kennzeichnungspflicht. Insbesondere um das Merkmal &#8222;gesch\u00e4ftsm\u00e4\u00dfig&#8220; wurde und wird in der juristischen Literatur gestritten. F\u00fcr die Erf\u00fcllung des Merkmals gesch\u00e4ftsm\u00e4\u00dfig ist es danach ausreichend, wenn eine auf Nachhaltigkeit gerichtete T\u00e4tigkeit entfaltet wird. Somit ist der Begriff gesch\u00e4ftsm\u00e4\u00dfig inhaltlich nicht deckend mit dem Begriff&hellip;&nbsp;<a href=\"https:\/\/friendslittlehelp.org\/?page_id=65\" class=\"\" rel=\"bookmark\">Weiterlesen &raquo;<span class=\"screen-reader-text\">Impressum<\/span><\/a><\/p>\n","protected":false},"author":1,"featured_media":0,"parent":0,"menu_order":0,"comment_status":"closed","ping_status":"closed","template":"","meta":{"neve_meta_sidebar":"","neve_meta_container":"","neve_meta_enable_content_width":"","neve_meta_content_width":0,"neve_meta_title_alignment":"","neve_meta_author_avatar":"","neve_post_elements_order":"","neve_meta_disable_header":"","neve_meta_disable_footer":"","neve_meta_disable_title":"","footnotes":""},"class_list":["post-65","page","type-page","status-publish","hentry"],"_links":{"self":[{"href":"https:\/\/friendslittlehelp.org\/index.php?rest_route=\/wp\/v2\/pages\/65","targetHints":{"allow":["GET"]}}],"collection":[{"href":"https:\/\/friendslittlehelp.org\/index.php?rest_route=\/wp\/v2\/pages"}],"about":[{"href":"https:\/\/friendslittlehelp.org\/index.php?rest_route=\/wp\/v2\/types\/page"}],"author":[{"embeddable":true,"href":"https:\/\/friendslittlehelp.org\/index.php?rest_route=\/wp\/v2\/users\/1"}],"replies":[{"embeddable":true,"href":"https:\/\/friendslittlehelp.org\/index.php?rest_route=%2Fwp%2Fv2%2Fcomments&post=65"}],"version-history":[{"count":3,"href":"https:\/\/friendslittlehelp.org\/index.php?rest_route=\/wp\/v2\/pages\/65\/revisions"}],"predecessor-version":[{"id":1059,"href":"https:\/\/friendslittlehelp.org\/index.php?rest_route=\/wp\/v2\/pages\/65\/revisions\/1059"}],"wp:attachment":[{"href":"https:\/\/friendslittlehelp.org\/index.php?rest_route=%2Fwp%2Fv2%2Fmedia&parent=65"}],"curies":[{"name":"wp","href":"https:\/\/api.w.org\/{rel}","templated":true}]}}