{"id":89,"date":"2022-06-01T06:55:52","date_gmt":"2022-06-01T06:55:52","guid":{"rendered":"https:\/\/friendslittlehelp.org\/?page_id=89"},"modified":"2022-06-20T10:16:08","modified_gmt":"2022-06-20T10:16:08","slug":"willkommen","status":"publish","type":"page","link":"https:\/\/friendslittlehelp.org\/?page_id=89","title":{"rendered":"Willkommen"},"content":{"rendered":"\n<div class=\"wp-block-columns is-layout-flex wp-container-core-columns-is-layout-9d6595d7 wp-block-columns-is-layout-flex\">\n<div class=\"wp-block-column is-layout-flow wp-block-column-is-layout-flow\">\n<p>Herzlich willkommen auf der Homepage des Spenden- und Aktionsvereins Friends\u00b4little help e.V. Wir freuen uns, dass Sie die Zeit finden sich \u00fcber unsere Aktivit\u00e4ten zu informieren. Wir hoffen auch, dass Sie sich anhand der bereitgestellten Informationen ein Bild \u00fcber die Arbeit und die Idee unseres Vereins machen k\u00f6nnen.<\/p>\n\n\n\n<p>Gerne stehen wir Ihnen jederzeit f\u00fcr weitere Informationen \u00fcber die T\u00e4tigkeit des Vereins auch im direkten Gespr\u00e4ch zur Verf\u00fcgung. Z\u00f6gern Sie nicht uns anzusprechen. Wir freuen uns \u00fcber Anregungen und W\u00fcnsche genauso wie \u00fcber Ihre Unterst\u00fctzung. Die Kontaktdaten des Vereins und weitergehende Informationen \u00fcber unsere Arbeit sowie die M\u00f6glichkeiten unsere Idee zu f\u00f6rdern, finden Sie in den entsprechenden Rubriken.<\/p>\n\n\n\n<p>Einen sch\u00f6nen Tag w\u00fcnscht Ihnen<\/p>\n\n\n\n<p><strong>Ihr Friends\u00b4little help Team<\/strong><\/p>\n<\/div>\n\n\n\n<div class=\"wp-block-column is-layout-flow wp-block-column-is-layout-flow\">\n<figure class=\"wp-block-image size-full\"><img loading=\"lazy\" decoding=\"async\" width=\"535\" height=\"225\" src=\"https:\/\/friendslittlehelp.org\/wp-content\/uploads\/2022\/06\/Fotolia_51887170_XS.jpg\" alt=\"\" class=\"wp-image-90\" srcset=\"https:\/\/friendslittlehelp.org\/wp-content\/uploads\/2022\/06\/Fotolia_51887170_XS.jpg 535w, https:\/\/friendslittlehelp.org\/wp-content\/uploads\/2022\/06\/Fotolia_51887170_XS-300x126.jpg 300w\" sizes=\"auto, (max-width: 535px) 100vw, 535px\" \/><\/figure>\n<\/div>\n<\/div>\n","protected":false},"excerpt":{"rendered":"<p>Herzlich willkommen auf der Homepage des Spenden- und Aktionsvereins Friends\u00b4little help e.V. Wir freuen uns, dass Sie die Zeit finden sich \u00fcber unsere Aktivit\u00e4ten zu informieren. Wir hoffen auch, dass Sie sich anhand der bereitgestellten Informationen ein Bild \u00fcber die Arbeit und die Idee unseres Vereins machen k\u00f6nnen. Gerne stehen wir Ihnen jederzeit f\u00fcr weitere&hellip;&nbsp;<a href=\"https:\/\/friendslittlehelp.org\/?page_id=89\" class=\"\" rel=\"bookmark\">Weiterlesen &raquo;<span class=\"screen-reader-text\">Willkommen<\/span><\/a><\/p>\n","protected":false},"author":1,"featured_media":0,"parent":0,"menu_order":0,"comment_status":"closed","ping_status":"closed","template":"","meta":{"neve_meta_sidebar":"","neve_meta_container":"","neve_meta_enable_content_width":"","neve_meta_content_width":0,"neve_meta_title_alignment":"","neve_meta_author_avatar":"","neve_post_elements_order":"","neve_meta_disable_header":"","neve_meta_disable_footer":"","neve_meta_disable_title":"","footnotes":""},"class_list":["post-89","page","type-page","status-publish","hentry"],"_links":{"self":[{"href":"https:\/\/friendslittlehelp.org\/index.php?rest_route=\/wp\/v2\/pages\/89","targetHints":{"allow":["GET"]}}],"collection":[{"href":"https:\/\/friendslittlehelp.org\/index.php?rest_route=\/wp\/v2\/pages"}],"about":[{"href":"https:\/\/friendslittlehelp.org\/index.php?rest_route=\/wp\/v2\/types\/page"}],"author":[{"embeddable":true,"href":"https:\/\/friendslittlehelp.org\/index.php?rest_route=\/wp\/v2\/users\/1"}],"replies":[{"embeddable":true,"href":"https:\/\/friendslittlehelp.org\/index.php?rest_route=%2Fwp%2Fv2%2Fcomments&post=89"}],"version-history":[{"count":2,"href":"https:\/\/friendslittlehelp.org\/index.php?rest_route=\/wp\/v2\/pages\/89\/revisions"}],"predecessor-version":[{"id":1032,"href":"https:\/\/friendslittlehelp.org\/index.php?rest_route=\/wp\/v2\/pages\/89\/revisions\/1032"}],"wp:attachment":[{"href":"https:\/\/friendslittlehelp.org\/index.php?rest_route=%2Fwp%2Fv2%2Fmedia&parent=89"}],"curies":[{"name":"wp","href":"https:\/\/api.w.org\/{rel}","templated":true}]}}