{"id":99,"date":"2022-06-01T07:05:58","date_gmt":"2022-06-01T07:05:58","guid":{"rendered":"https:\/\/friendslittlehelp.org\/?page_id=99"},"modified":"2022-06-01T07:05:58","modified_gmt":"2022-06-01T07:05:58","slug":"die-idee","status":"publish","type":"page","link":"https:\/\/friendslittlehelp.org\/?page_id=99","title":{"rendered":"Die Idee"},"content":{"rendered":"\n<div class=\"wp-block-columns is-layout-flex wp-container-core-columns-is-layout-9d6595d7 wp-block-columns-is-layout-flex\">\n<div class=\"wp-block-column is-layout-flow wp-block-column-is-layout-flow\">\n<p>Der Gedanke einer gemeinn\u00fctzigen T\u00e4tigkeit ist nicht neu und wird von Millionen Menschen getragen und gef\u00f6rdert. Viele opfern hierbei nicht nur Ihre Freizeit, sondern verschreiben ihr ganzes Leben einer gemeinn\u00fctzigen und sozialen sinnvollen T\u00e4tigkeit. Dar\u00fcber hinaus werden auch viele Finanz- und Sachmittel zur Verf\u00fcgung gestellt.<br>Diesen Beispielen wollen die Mitglieder unseres Vereins folgen und im Rahmen der vorhandenen M\u00f6glichkeiten einen Beitrag hierzu leisten.<br>Im Freundeskreis wurde somit der Gedanke diskutiert, wie dieser Beitrag aussehen kann.<br>Daraus entwickelte sich die Idee nicht nur passiv in Form von Geld und Sachspenden f\u00fcr schon bestehende Projekte anderer Vereine t\u00e4tig zu werden, sondern auch aktiv einen Beitrag zu leisten.<br>Der Verein und seine Mitglieder bieten daher bed\u00fcrftigen Menschen und Organisationen gerne die<\/p>\n\n\n\n<p>\u2022 Personelle Unterst\u00fctzung bei Veranstaltungen f\u00fcr Kinder, Jugendliche und Senioren<br>\u2022 Beschaffung und Bereitstellung von Finanz- und Sachmitteln f\u00fcr Projekte und Veranstaltungen<\/p>\n\n\n\n<p><strong>Die Ziele<\/strong><\/p>\n\n\n\n<p>\u2022 Individuelle Hilfe abseits der gro\u00dfen Hilfsorganisationen<br>\u2022 Unb\u00fcrokratische schnelle Hilfe<br>\u2022 Animation anderer sich der Idee anzuschlie\u00dfen<br>\u2022 F\u00f6rderung des Freundschafts- und Zusammengeh\u00f6rigkeitsgef\u00fchls<\/p>\n<\/div>\n\n\n\n<div class=\"wp-block-column is-layout-flow wp-block-column-is-layout-flow\">\n<figure class=\"wp-block-image size-full\"><img loading=\"lazy\" decoding=\"async\" width=\"693\" height=\"693\" src=\"https:\/\/friendslittlehelp.org\/wp-content\/uploads\/2022\/05\/Fotolia_56552047_S.jpeg\" alt=\"\" class=\"wp-image-41\" srcset=\"https:\/\/friendslittlehelp.org\/wp-content\/uploads\/2022\/05\/Fotolia_56552047_S.jpeg 693w, https:\/\/friendslittlehelp.org\/wp-content\/uploads\/2022\/05\/Fotolia_56552047_S-300x300.jpeg 300w, https:\/\/friendslittlehelp.org\/wp-content\/uploads\/2022\/05\/Fotolia_56552047_S-150x150.jpeg 150w\" sizes=\"auto, (max-width: 693px) 100vw, 693px\" \/><\/figure>\n\n\n\n<p><strong>Unser Anspruch<\/strong><\/p>\n\n\n\n<p>Wir haben nicht den Anspruch die Welt zu ver\u00e4ndern, sondern die kleinen allt\u00e4glichen Schwierigkeiten und Probleme hilfsbed\u00fcrftiger Menschen und Organisationen ein wenig zu erleichtern. Dieses wollen wir nicht als G\u00f6nner tun, sondern als Menschen f\u00fcr Mitmenschen.<\/p>\n\n\n\n<p>Gem\u00e4\u00df unseres Vereinsnamens verstehen wir somit die Hilfe als Erlebnis sich auf Augenh\u00f6he zu begegnen \u2013 als Freunde f\u00fcr Freunde.<\/p>\n<\/div>\n<\/div>\n","protected":false},"excerpt":{"rendered":"<p>Der Gedanke einer gemeinn\u00fctzigen T\u00e4tigkeit ist nicht neu und wird von Millionen Menschen getragen und gef\u00f6rdert. Viele opfern hierbei nicht nur Ihre Freizeit, sondern verschreiben ihr ganzes Leben einer gemeinn\u00fctzigen und sozialen sinnvollen T\u00e4tigkeit. Dar\u00fcber hinaus werden auch viele Finanz- und Sachmittel zur Verf\u00fcgung gestellt.Diesen Beispielen wollen die Mitglieder unseres Vereins folgen und im Rahmen&hellip;&nbsp;<a href=\"https:\/\/friendslittlehelp.org\/?page_id=99\" class=\"\" rel=\"bookmark\">Weiterlesen &raquo;<span class=\"screen-reader-text\">Die Idee<\/span><\/a><\/p>\n","protected":false},"author":1,"featured_media":0,"parent":0,"menu_order":0,"comment_status":"closed","ping_status":"closed","template":"","meta":{"neve_meta_sidebar":"","neve_meta_container":"","neve_meta_enable_content_width":"","neve_meta_content_width":0,"neve_meta_title_alignment":"","neve_meta_author_avatar":"","neve_post_elements_order":"","neve_meta_disable_header":"","neve_meta_disable_footer":"","neve_meta_disable_title":"","footnotes":""},"class_list":["post-99","page","type-page","status-publish","hentry"],"_links":{"self":[{"href":"https:\/\/friendslittlehelp.org\/index.php?rest_route=\/wp\/v2\/pages\/99","targetHints":{"allow":["GET"]}}],"collection":[{"href":"https:\/\/friendslittlehelp.org\/index.php?rest_route=\/wp\/v2\/pages"}],"about":[{"href":"https:\/\/friendslittlehelp.org\/index.php?rest_route=\/wp\/v2\/types\/page"}],"author":[{"embeddable":true,"href":"https:\/\/friendslittlehelp.org\/index.php?rest_route=\/wp\/v2\/users\/1"}],"replies":[{"embeddable":true,"href":"https:\/\/friendslittlehelp.org\/index.php?rest_route=%2Fwp%2Fv2%2Fcomments&post=99"}],"version-history":[{"count":2,"href":"https:\/\/friendslittlehelp.org\/index.php?rest_route=\/wp\/v2\/pages\/99\/revisions"}],"predecessor-version":[{"id":101,"href":"https:\/\/friendslittlehelp.org\/index.php?rest_route=\/wp\/v2\/pages\/99\/revisions\/101"}],"wp:attachment":[{"href":"https:\/\/friendslittlehelp.org\/index.php?rest_route=%2Fwp%2Fv2%2Fmedia&parent=99"}],"curies":[{"name":"wp","href":"https:\/\/api.w.org\/{rel}","templated":true}]}}